{"id":229,"date":"2021-02-24T11:50:41","date_gmt":"2021-02-24T10:50:41","guid":{"rendered":"https:\/\/parishotellittleregina.com\/new\/offres-speciales\/"},"modified":"2021-04-16T08:54:27","modified_gmt":"2021-04-16T06:54:27","slug":"special-offers","status":"publish","type":"page","link":"https:\/\/www.parishotellittleregina.com\/en\/special-offers\/","title":{"rendered":"Special offers"},"content":{"rendered":"\n\t<section class=\"section\" id=\"section_313420437\">\n\t\t<div class=\"bg section-bg fill bg-fill  \" >\n\n\t\t\t\n\t\t\t\n\t\t\t\n\n\t\t<\/div>\n\n\t\t<div class=\"section-content relative\">\n\t\t\t\n\n<div class=\"row\"  id=\"row-978574\">\n\n\n\t<div id=\"col-384416057\" class=\"col small-12 large-12\"  >\n\t\t<div class=\"col-inner text-center\"  >\n\t\t\t\n\t\t\t\n\n<h3 style=\"text-align: center; color:#FFF;\">LES OFFRES SPECIALES LITTLE REGINA<\/h3>\n<div class=\"is-divider divider clearfix\" style=\"max-width:200px;background-color:rgb(186, 168, 120);\"><\/div>\n\n\n\t\t<\/div>\n\t\t\n<style>\n#col-384416057 > .col-inner {\n  padding: 20px 20px 20px 20px;\n}\n<\/style>\n\t<\/div>\n\n\t\n\n<\/div>\n\n\t\t<\/div>\n\n\t\t\n<style>\n#section_313420437 {\n  padding-top: 30px;\n  padding-bottom: 30px;\n  margin-bottom: 0px;\n  min-height: 350px;\n}\n#section_313420437 .section-bg.bg-loaded {\n  background-image: url(https:\/\/www.parishotellittleregina.com\/wp-content\/uploads\/2021\/02\/chambre-little-regina-paris-501-8.jpg);\n}\n<\/style>\n\t<\/section>\n\t\n<div class=\"is-divider divider clearfix\" style=\"max-width:100%;height:1px;background-color:rgb(186, 168, 120);\"><\/div>\n\n\t<section class=\"section\" id=\"section_778970020\">\n\t\t<div class=\"bg section-bg fill bg-fill  bg-loaded\" >\n\n\t\t\t\n\t\t\t<div class=\"section-bg-overlay absolute fill\"><\/div>\n\t\t\t\n\n\t\t<\/div>\n\n\t\t<div class=\"section-content relative\">\n\t\t\t\n\n<div class=\"row row-collapse row-full-width align-middle\"  id=\"row-1004506464\">\n\n\n\t<div id=\"col-1707343059\" class=\"col medium-6 small-12 large-6\"  data-animate=\"fadeInLeft\">\n\t\t<div class=\"col-inner text-left\"  >\n\t\t\t\n\t\t\t\n\n<h2>\u2028\u2028Best rate guaranteed<\/h2>\n<p>The advantages of booking through our official website:<\/p>\n<ul>\n<li>The best price guaranteed<\/li>\n<li>Real-time availability<\/li>\n<li>Secure online payment<\/li>\n<li>If you are having difficulty with the internet, do not hesitate to contact us directly<a href=\"tel:+33140377230\">+33 1 40 37 72 30<\/a>&nbsp;<\/li>\n<\/ul>\n<p><a href=\"\" onclick=\"onclickGoSelMode ('5135','3488143626','EN','0000')\" class=\"button secondary btn-resa-header\" rel=\"noopener\"><span>Book<\/span><\/a><\/p>\n\n\t\t<\/div>\n\t\t\n<style>\n#col-1707343059 > .col-inner {\n  padding: 10% 10% 10% 10%;\n}\n<\/style>\n\t<\/div>\n\n\t\n\n\t<div id=\"col-1117947401\" class=\"col medium-6 small-12 large-6\"  data-animate=\"fadeInRight\">\n\t\t<div class=\"col-inner\"  >\n\t\t\t\n\t\t\t\n\n\t<div class=\"img has-hover x md-x lg-x y md-y lg-y\" id=\"image_1202266392\">\n\t\t\t\t\t\t\t\t<div class=\"img-inner image-cover dark\" style=\"padding-top:56.25%;\">\n\t\t\t<img decoding=\"async\" width=\"1020\" height=\"680\" src=\"https:\/\/www.parishotellittleregina.com\/wp-content\/uploads\/2021\/02\/chambre-little-regina-paris-501-1-1024x683.jpg\" class=\"attachment-large size-large\" alt=\"H\u00f4tel Little R\u00e9gina Paris\" srcset=\"https:\/\/www.parishotellittleregina.com\/wp-content\/uploads\/2021\/02\/chambre-little-regina-paris-501-1-1024x683.jpg 1024w, https:\/\/www.parishotellittleregina.com\/wp-content\/uploads\/2021\/02\/chambre-little-regina-paris-501-1-300x200.jpg 300w, https:\/\/www.parishotellittleregina.com\/wp-content\/uploads\/2021\/02\/chambre-little-regina-paris-501-1-768x512.jpg 768w, https:\/\/www.parishotellittleregina.com\/wp-content\/uploads\/2021\/02\/chambre-little-regina-paris-501-1.jpg 1500w\" sizes=\"(max-width: 1020px) 100vw, 1020px\" \/>\t\t\t\t\t\t\n\t\t\t\t\t<\/div>\n\t\t\t\t\t\t\t\t\n<style>\n#image_1202266392 {\n  width: 100%;\n}\n<\/style>\n\t<\/div>\n\t\n\n\n\t\t<\/div>\n\t\t\t<\/div>\n\n\t\n\n<\/div>\n\n\t\t<\/div>\n\n\t\t\n<style>\n#section_778970020 {\n  padding-top: 0px;\n  padding-bottom: 0px;\n  background-color: rgb(247, 247, 247);\n}\n#section_778970020 .section-bg-overlay {\n  background-color: rgba(255, 255, 255, 0.85);\n}\n<\/style>\n\t<\/section>\n\t\n<div class=\"is-divider divider clearfix\" style=\"max-width:100%;height:1px;background-color:rgb(186, 168, 120);\"><\/div>\n\n\t<section class=\"section\" id=\"section_1384334282\">\n\t\t<div class=\"bg section-bg fill bg-fill  bg-loaded\" >\n\n\t\t\t\n\t\t\t<div class=\"section-bg-overlay absolute fill\"><\/div>\n\t\t\t\n\n\t\t<\/div>\n\n\t\t<div class=\"section-content relative\">\n\t\t\t\n\n<div class=\"row row-collapse row-full-width align-middle\"  id=\"row-330184057\">\n\n\n\t<div id=\"col-41080326\" class=\"col medium-6 small-12 large-6\"  >\n\t\t<div class=\"col-inner\"  >\n\t\t\t\n\t\t\t\n\n\t<div class=\"img has-hover x md-x lg-x y md-y lg-y\" id=\"image_1606794904\">\n\t\t\t\t\t\t\t\t<div class=\"img-inner image-cover dark\" style=\"padding-top:56.25%;\">\n\t\t\t<img decoding=\"async\" width=\"1020\" height=\"680\" src=\"https:\/\/www.parishotellittleregina.com\/wp-content\/uploads\/2021\/02\/paris-hotel-little-regina-1-1024x683.jpg\" class=\"attachment-large size-large\" alt=\"H\u00f4tel Little R\u00e9gina Paris\" srcset=\"https:\/\/www.parishotellittleregina.com\/wp-content\/uploads\/2021\/02\/paris-hotel-little-regina-1-1024x683.jpg 1024w, https:\/\/www.parishotellittleregina.com\/wp-content\/uploads\/2021\/02\/paris-hotel-little-regina-1-300x200.jpg 300w, https:\/\/www.parishotellittleregina.com\/wp-content\/uploads\/2021\/02\/paris-hotel-little-regina-1-768x512.jpg 768w, https:\/\/www.parishotellittleregina.com\/wp-content\/uploads\/2021\/02\/paris-hotel-little-regina-1.jpg 1500w\" sizes=\"(max-width: 1020px) 100vw, 1020px\" \/>\t\t\t\t\t\t\n\t\t\t\t\t<\/div>\n\t\t\t\t\t\t\t\t\n<style>\n#image_1606794904 {\n  width: 100%;\n}\n<\/style>\n\t<\/div>\n\t\n\n\n\t\t<\/div>\n\t\t\t<\/div>\n\n\t\n\n\t<div id=\"col-1710426268\" class=\"col medium-6 small-12 large-6 small-col-first\"  >\n\t\t<div class=\"col-inner text-left\"  >\n\t\t\t\n\t\t\t\n\n\t<div id=\"text-390052132\" class=\"text\">\n\t\t\n\n<h2>Teleworking \/ Pro \/ Business offer <\/h2>\n<p>The Little Regina hotel offers you for your professional needs, your business meetings, the rental of its executive studio starting from 30\u20ac per half a day.<\/p>\n<a href=\"mailto:reception@hlr.fr\" target=\"_self\" class=\"button secondary\" style=\"border-radius:10px;\" rel=\"noopener\"><i class=\"icon-envelop\"><\/i><span>Contact us<\/span><\/a>\n\t\t\n<style>\n#text-390052132 {\n  text-align: left;\n}\n<\/style>\n\t<\/div>\n\t\n\n\t\t<\/div>\n\t\t\n<style>\n#col-1710426268 > .col-inner {\n  padding: 10% 10% 10% 10%;\n}\n<\/style>\n\t<\/div>\n\n\t\n\n<\/div>\n\n\t\t<\/div>\n\n\t\t\n<style>\n#section_1384334282 {\n  padding-top: 0px;\n  padding-bottom: 0px;\n  background-color: rgb(247, 247, 247);\n}\n#section_1384334282 .section-bg-overlay {\n  background-color: rgba(255, 255, 255, 0.85);\n}\n<\/style>\n\t<\/section>\n\t\n","protected":false},"excerpt":{"rendered":"","protected":false},"author":1,"featured_media":0,"parent":0,"menu_order":0,"comment_status":"closed","ping_status":"closed","template":"page-blank.php","meta":{"footnotes":""},"class_list":["post-229","page","type-page","status-publish","hentry"],"yoast_head":"<!-- This site is optimized with the Yoast SEO plugin v21.8 - https:\/\/yoast.com\/wordpress\/plugins\/seo\/ -->\n<title>Hotel Little R\u00e9gina Special Offers - Paris Gare de l&#039;Est<\/title>\n<meta name=\"description\" content=\"Discover the special offers of the Little Regina Paris Gare de l&#039;Est hotel, best rate guaranteed on the official website, business offer.\" \/>\n<meta name=\"robots\" content=\"index, follow, max-snippet:-1, max-image-preview:large, max-video-preview:-1\" \/>\n<link rel=\"canonical\" href=\"https:\/\/www.parishotellittleregina.com\/en\/special-offers\/\" \/>\n<meta property=\"og:locale\" content=\"en_US\" \/>\n<meta property=\"og:type\" content=\"article\" \/>\n<meta property=\"og:title\" content=\"Hotel Little R\u00e9gina Special Offers - Paris Gare de l&#039;Est\" \/>\n<meta property=\"og:description\" content=\"Discover the special offers of the Little Regina Paris Gare de l&#039;Est hotel, best rate guaranteed on the official website, business offer.\" \/>\n<meta property=\"og:url\" content=\"https:\/\/www.parishotellittleregina.com\/en\/special-offers\/\" \/>\n<meta property=\"og:site_name\" content=\"H\u00f4tel Little R\u00e9gina Paris\" \/>\n<meta property=\"article:modified_time\" content=\"2021-04-16T06:54:27+00:00\" \/>\n<meta name=\"twitter:card\" content=\"summary_large_image\" \/>\n<meta name=\"twitter:label1\" content=\"Est. reading time\" \/>\n\t<meta name=\"twitter:data1\" content=\"1 minute\" \/>\n<script type=\"application\/ld+json\" class=\"yoast-schema-graph\">{\"@context\":\"https:\/\/schema.org\",\"@graph\":[{\"@type\":\"WebPage\",\"@id\":\"https:\/\/www.parishotellittleregina.com\/en\/special-offers\/\",\"url\":\"https:\/\/www.parishotellittleregina.com\/en\/special-offers\/\",\"name\":\"Hotel Little R\u00e9gina Special Offers - Paris Gare de l'Est\",\"isPartOf\":{\"@id\":\"https:\/\/www.parishotellittleregina.com\/#website\"},\"datePublished\":\"2021-02-24T10:50:41+00:00\",\"dateModified\":\"2021-04-16T06:54:27+00:00\",\"description\":\"Discover the special offers of the Little Regina Paris Gare de l'Est hotel, best rate guaranteed on the official website, business offer.\",\"breadcrumb\":{\"@id\":\"https:\/\/www.parishotellittleregina.com\/en\/special-offers\/#breadcrumb\"},\"inLanguage\":\"en-US\",\"potentialAction\":[{\"@type\":\"ReadAction\",\"target\":[\"https:\/\/www.parishotellittleregina.com\/en\/special-offers\/\"]}]},{\"@type\":\"BreadcrumbList\",\"@id\":\"https:\/\/www.parishotellittleregina.com\/en\/special-offers\/#breadcrumb\",\"itemListElement\":[{\"@type\":\"ListItem\",\"position\":1,\"name\":\"Accueil\",\"item\":\"https:\/\/www.parishotellittleregina.com\/en\/\"},{\"@type\":\"ListItem\",\"position\":2,\"name\":\"Special offers\"}]},{\"@type\":\"WebSite\",\"@id\":\"https:\/\/www.parishotellittleregina.com\/#website\",\"url\":\"https:\/\/www.parishotellittleregina.com\/\",\"name\":\"H\u00f4tel Little R\u00e9gina Paris\",\"description\":\"H\u00f4tel de charme 2 \u00e9toiles Gare de l&#039;Est Paris\",\"potentialAction\":[{\"@type\":\"SearchAction\",\"target\":{\"@type\":\"EntryPoint\",\"urlTemplate\":\"https:\/\/www.parishotellittleregina.com\/?s={search_term_string}\"},\"query-input\":\"required name=search_term_string\"}],\"inLanguage\":\"en-US\"}]}<\/script>\n<!-- \/ Yoast SEO plugin. -->","yoast_head_json":{"title":"Hotel Little R\u00e9gina Special Offers - Paris Gare de l'Est","description":"Discover the special offers of the Little Regina Paris Gare de l'Est hotel, best rate guaranteed on the official website, business offer.","robots":{"index":"index","follow":"follow","max-snippet":"max-snippet:-1","max-image-preview":"max-image-preview:large","max-video-preview":"max-video-preview:-1"},"canonical":"https:\/\/www.parishotellittleregina.com\/en\/special-offers\/","og_locale":"en_US","og_type":"article","og_title":"Hotel Little R\u00e9gina Special Offers - Paris Gare de l'Est","og_description":"Discover the special offers of the Little Regina Paris Gare de l'Est hotel, best rate guaranteed on the official website, business offer.","og_url":"https:\/\/www.parishotellittleregina.com\/en\/special-offers\/","og_site_name":"H\u00f4tel Little R\u00e9gina Paris","article_modified_time":"2021-04-16T06:54:27+00:00","twitter_card":"summary_large_image","twitter_misc":{"Est. reading time":"1 minute"},"schema":{"@context":"https:\/\/schema.org","@graph":[{"@type":"WebPage","@id":"https:\/\/www.parishotellittleregina.com\/en\/special-offers\/","url":"https:\/\/www.parishotellittleregina.com\/en\/special-offers\/","name":"Hotel Little R\u00e9gina Special Offers - Paris Gare de l'Est","isPartOf":{"@id":"https:\/\/www.parishotellittleregina.com\/#website"},"datePublished":"2021-02-24T10:50:41+00:00","dateModified":"2021-04-16T06:54:27+00:00","description":"Discover the special offers of the Little Regina Paris Gare de l'Est hotel, best rate guaranteed on the official website, business offer.","breadcrumb":{"@id":"https:\/\/www.parishotellittleregina.com\/en\/special-offers\/#breadcrumb"},"inLanguage":"en-US","potentialAction":[{"@type":"ReadAction","target":["https:\/\/www.parishotellittleregina.com\/en\/special-offers\/"]}]},{"@type":"BreadcrumbList","@id":"https:\/\/www.parishotellittleregina.com\/en\/special-offers\/#breadcrumb","itemListElement":[{"@type":"ListItem","position":1,"name":"Accueil","item":"https:\/\/www.parishotellittleregina.com\/en\/"},{"@type":"ListItem","position":2,"name":"Special offers"}]},{"@type":"WebSite","@id":"https:\/\/www.parishotellittleregina.com\/#website","url":"https:\/\/www.parishotellittleregina.com\/","name":"H\u00f4tel Little R\u00e9gina Paris","description":"H\u00f4tel de charme 2 \u00e9toiles Gare de l&#039;Est Paris","potentialAction":[{"@type":"SearchAction","target":{"@type":"EntryPoint","urlTemplate":"https:\/\/www.parishotellittleregina.com\/?s={search_term_string}"},"query-input":"required name=search_term_string"}],"inLanguage":"en-US"}]}},"_links":{"self":[{"href":"https:\/\/www.parishotellittleregina.com\/en\/wp-json\/wp\/v2\/pages\/229","targetHints":{"allow":["GET"]}}],"collection":[{"href":"https:\/\/www.parishotellittleregina.com\/en\/wp-json\/wp\/v2\/pages"}],"about":[{"href":"https:\/\/www.parishotellittleregina.com\/en\/wp-json\/wp\/v2\/types\/page"}],"author":[{"embeddable":true,"href":"https:\/\/www.parishotellittleregina.com\/en\/wp-json\/wp\/v2\/users\/1"}],"replies":[{"embeddable":true,"href":"https:\/\/www.parishotellittleregina.com\/en\/wp-json\/wp\/v2\/comments?post=229"}],"version-history":[{"count":2,"href":"https:\/\/www.parishotellittleregina.com\/en\/wp-json\/wp\/v2\/pages\/229\/revisions"}],"predecessor-version":[{"id":250,"href":"https:\/\/www.parishotellittleregina.com\/en\/wp-json\/wp\/v2\/pages\/229\/revisions\/250"}],"wp:attachment":[{"href":"https:\/\/www.parishotellittleregina.com\/en\/wp-json\/wp\/v2\/media?parent=229"}],"curies":[{"name":"wp","href":"https:\/\/api.w.org\/{rel}","templated":true}]}}