{"id":230,"date":"2021-02-24T11:21:07","date_gmt":"2021-02-24T10:21:07","guid":{"rendered":"https:\/\/parishotellittleregina.com\/new\/services\/"},"modified":"2022-03-03T12:26:29","modified_gmt":"2022-03-03T11:26:29","slug":"services","status":"publish","type":"page","link":"https:\/\/www.parishotellittleregina.com\/en\/services\/","title":{"rendered":"Services"},"content":{"rendered":"\n\t<section class=\"section\" id=\"section_684253245\">\n\t\t<div class=\"bg section-bg fill bg-fill  \" >\n\n\t\t\t\n\t\t\t\n\t\t\t\n\n\t\t<\/div>\n\n\t\t<div class=\"section-content relative\">\n\t\t\t\n\n<div class=\"row\"  id=\"row-541650931\">\n\n\n\t<div id=\"col-446205239\" class=\"col small-12 large-12\"  >\n\t\t<div class=\"col-inner text-center\"  >\n\t\t\t\n\t\t\t\n\n<h3 style=\"text-align: center; color:#FFF;\">LITTLE REGINA&#8217;S SERVICES<\/h3>\n<div class=\"is-divider divider clearfix\" style=\"max-width:200px;background-color:rgb(186, 168, 120);\"><\/div>\n\n\n\t\t<\/div>\n\t\t\n<style>\n#col-446205239 > .col-inner {\n  padding: 20px 20px 20px 20px;\n}\n<\/style>\n\t<\/div>\n\n\t\n\n<\/div>\n\n\t\t<\/div>\n\n\t\t\n<style>\n#section_684253245 {\n  padding-top: 30px;\n  padding-bottom: 30px;\n  margin-bottom: 0px;\n  min-height: 350px;\n}\n#section_684253245 .section-bg.bg-loaded {\n  background-image: url(https:\/\/www.parishotellittleregina.com\/wp-content\/uploads\/2021\/02\/paris-hotel-little-regina-8.jpg);\n}\n<\/style>\n\t<\/section>\n\t\n\t<section class=\"section\" id=\"section_1960607991\">\n\t\t<div class=\"bg section-bg fill bg-fill  bg-loaded\" >\n\n\t\t\t\n\t\t\t<div class=\"section-bg-overlay absolute fill\"><\/div>\n\t\t\t\n\n\t\t<\/div>\n\n\t\t<div class=\"section-content relative\">\n\t\t\t\n\n<div class=\"row row-collapse row-full-width align-middle\"  id=\"row-1083353002\">\n\n\n\t<div id=\"col-168607803\" class=\"col medium-6 small-12 large-6\"  data-animate=\"fadeInLeft\">\n\t\t<div class=\"col-inner text-left\"  >\n\t\t\t\n\t\t\t\n\n<h2>Breakfast <\/h2>\n<p>If you wish, a good breakfast will be served to you before your day in the capital.<br \/>You can take it at your convenience in our hall or in your room. \u2028<br \/>This includes:<\/p>\n<ul>\n<li>Coffee, tea, milk<\/li>\n<li>Juice<\/li>\n<li>Bread, pastries<\/li>\n<li>Butter, jam\u2028\u2028\u2028<\/li>\n<\/ul>\n\n\t\t<\/div>\n\t\t\n<style>\n#col-168607803 > .col-inner {\n  padding: 10% 10% 10% 10%;\n}\n<\/style>\n\t<\/div>\n\n\t\n\n\t<div id=\"col-131837701\" class=\"col medium-6 small-12 large-6\"  data-animate=\"fadeInRight\">\n\t\t<div class=\"col-inner\"  >\n\t\t\t\n\t\t\t\n\n<div class=\"slider-wrapper relative\" id=\"slider-792022309\" >\n    <div class=\"slider slider-nav-circle slider-nav-large slider-nav-light slider-style-normal\"\n        data-flickity-options='{\n            \"cellAlign\": \"center\",\n            \"imagesLoaded\": true,\n            \"lazyLoad\": 1,\n            \"freeScroll\": false,\n            \"wrapAround\": true,\n            \"autoPlay\": 6000,\n            \"pauseAutoPlayOnHover\" : true,\n            \"prevNextButtons\": true,\n            \"contain\" : true,\n            \"adaptiveHeight\" : true,\n            \"dragThreshold\" : 10,\n            \"percentPosition\": true,\n            \"pageDots\": true,\n            \"rightToLeft\": false,\n            \"draggable\": true,\n            \"selectedAttraction\": 0.1,\n            \"parallax\" : 0,\n            \"friction\": 0.6        }'\n        >\n        \n\n\t<div class=\"img has-hover x md-x lg-x y md-y lg-y\" id=\"image_187109375\">\n\t\t\t\t\t\t\t\t<div class=\"img-inner image-cover dark\" style=\"padding-top:56.25%;\">\n\t\t\t<img decoding=\"async\" width=\"1020\" height=\"680\" src=\"https:\/\/www.parishotellittleregina.com\/wp-content\/uploads\/2021\/02\/salle-petit-dejeuner-1024x683.jpg\" class=\"attachment-large size-large\" alt=\"H\u00f4tel Little R\u00e9gina Paris\" srcset=\"https:\/\/www.parishotellittleregina.com\/wp-content\/uploads\/2021\/02\/salle-petit-dejeuner-1024x683.jpg 1024w, https:\/\/www.parishotellittleregina.com\/wp-content\/uploads\/2021\/02\/salle-petit-dejeuner-300x200.jpg 300w, https:\/\/www.parishotellittleregina.com\/wp-content\/uploads\/2021\/02\/salle-petit-dejeuner-768x512.jpg 768w, https:\/\/www.parishotellittleregina.com\/wp-content\/uploads\/2021\/02\/salle-petit-dejeuner.jpg 1500w\" sizes=\"(max-width: 1020px) 100vw, 1020px\" \/>\t\t\t\t\t\t\n\t\t\t\t\t<\/div>\n\t\t\t\t\t\t\t\t\n<style>\n#image_187109375 {\n  width: 100%;\n}\n<\/style>\n\t<\/div>\n\t\n\n\t<div class=\"img has-hover x md-x lg-x y md-y lg-y\" id=\"image_1167749100\">\n\t\t\t\t\t\t\t\t<div class=\"img-inner image-cover dark\" style=\"padding-top:56.25%;\">\n\t\t\t<img decoding=\"async\" width=\"1020\" height=\"680\" src=\"https:\/\/www.parishotellittleregina.com\/wp-content\/uploads\/2021\/02\/paris-hotel-little-regina-8-1024x683.jpg\" class=\"attachment-large size-large\" alt=\"H\u00f4tel Little R\u00e9gina Paris\" srcset=\"https:\/\/www.parishotellittleregina.com\/wp-content\/uploads\/2021\/02\/paris-hotel-little-regina-8-1024x683.jpg 1024w, https:\/\/www.parishotellittleregina.com\/wp-content\/uploads\/2021\/02\/paris-hotel-little-regina-8-300x200.jpg 300w, https:\/\/www.parishotellittleregina.com\/wp-content\/uploads\/2021\/02\/paris-hotel-little-regina-8-768x512.jpg 768w, https:\/\/www.parishotellittleregina.com\/wp-content\/uploads\/2021\/02\/paris-hotel-little-regina-8.jpg 1500w\" sizes=\"(max-width: 1020px) 100vw, 1020px\" \/>\t\t\t\t\t\t\n\t\t\t\t\t<\/div>\n\t\t\t\t\t\t\t\t\n<style>\n#image_1167749100 {\n  width: 100%;\n}\n<\/style>\n\t<\/div>\n\t\n\n\t<div class=\"img has-hover x md-x lg-x y md-y lg-y\" id=\"image_1971503497\">\n\t\t\t\t\t\t\t\t<div class=\"img-inner image-cover dark\" style=\"padding-top:56.25%;\">\n\t\t\t<img decoding=\"async\" width=\"1020\" height=\"680\" src=\"https:\/\/www.parishotellittleregina.com\/wp-content\/uploads\/2021\/02\/paris-hotel-little-regina-4-1024x683.jpg\" class=\"attachment-large size-large\" alt=\"H\u00f4tel Little R\u00e9gina Paris\" srcset=\"https:\/\/www.parishotellittleregina.com\/wp-content\/uploads\/2021\/02\/paris-hotel-little-regina-4-1024x683.jpg 1024w, https:\/\/www.parishotellittleregina.com\/wp-content\/uploads\/2021\/02\/paris-hotel-little-regina-4-300x200.jpg 300w, https:\/\/www.parishotellittleregina.com\/wp-content\/uploads\/2021\/02\/paris-hotel-little-regina-4-768x512.jpg 768w, https:\/\/www.parishotellittleregina.com\/wp-content\/uploads\/2021\/02\/paris-hotel-little-regina-4.jpg 1500w\" sizes=\"(max-width: 1020px) 100vw, 1020px\" \/>\t\t\t\t\t\t\n\t\t\t\t\t<\/div>\n\t\t\t\t\t\t\t\t\n<style>\n#image_1971503497 {\n  width: 100%;\n}\n<\/style>\n\t<\/div>\n\t\n\n\n     <\/div>\n\n     <div class=\"loading-spin dark large centered\"><\/div>\n\n     <\/div>\n\n\n\n\t\t<\/div>\n\t\t\t<\/div>\n\n\t\n\n<\/div>\n\n\t\t<\/div>\n\n\t\t\n<style>\n#section_1960607991 {\n  padding-top: 0px;\n  padding-bottom: 0px;\n  background-color: rgb(247, 247, 247);\n}\n#section_1960607991 .section-bg-overlay {\n  background-color: rgba(255, 255, 255, 0.85);\n}\n<\/style>\n\t<\/section>\n\t\n<div class=\"is-divider divider clearfix\" style=\"max-width:100%;height:1px;background-color:rgb(186, 168, 120);\"><\/div>\n\n\t<section class=\"section\" id=\"section_903918155\">\n\t\t<div class=\"bg section-bg fill bg-fill  bg-loaded\" >\n\n\t\t\t\n\t\t\t<div class=\"section-bg-overlay absolute fill\"><\/div>\n\t\t\t\n\n\t\t<\/div>\n\n\t\t<div class=\"section-content relative\">\n\t\t\t\n\n<div class=\"row row-collapse row-full-width align-middle\"  id=\"row-803784514\">\n\n\n\t<div id=\"col-1595609680\" class=\"col medium-6 small-12 large-6\"  >\n\t\t<div class=\"col-inner\"  >\n\t\t\t\n\t\t\t\n\n<div class=\"slider-wrapper relative\" id=\"slider-2055354933\" >\n    <div class=\"slider slider-nav-circle slider-nav-large slider-nav-light slider-style-normal\"\n        data-flickity-options='{\n            \"cellAlign\": \"center\",\n            \"imagesLoaded\": true,\n            \"lazyLoad\": 1,\n            \"freeScroll\": false,\n            \"wrapAround\": true,\n            \"autoPlay\": 6000,\n            \"pauseAutoPlayOnHover\" : true,\n            \"prevNextButtons\": true,\n            \"contain\" : true,\n            \"adaptiveHeight\" : true,\n            \"dragThreshold\" : 10,\n            \"percentPosition\": true,\n            \"pageDots\": true,\n            \"rightToLeft\": false,\n            \"draggable\": true,\n            \"selectedAttraction\": 0.1,\n            \"parallax\" : 0,\n            \"friction\": 0.6        }'\n        >\n        \n\n\t<div class=\"img has-hover x md-x lg-x y md-y lg-y\" id=\"image_905205229\">\n\t\t\t\t\t\t\t\t<div class=\"img-inner image-cover dark\" style=\"padding-top:56.25%;\">\n\t\t\t<img decoding=\"async\" width=\"1020\" height=\"680\" src=\"https:\/\/www.parishotellittleregina.com\/wp-content\/uploads\/2021\/02\/paris-hotel-little-regina-4-1024x683.jpg\" class=\"attachment-large size-large\" alt=\"H\u00f4tel Little R\u00e9gina Paris\" srcset=\"https:\/\/www.parishotellittleregina.com\/wp-content\/uploads\/2021\/02\/paris-hotel-little-regina-4-1024x683.jpg 1024w, https:\/\/www.parishotellittleregina.com\/wp-content\/uploads\/2021\/02\/paris-hotel-little-regina-4-300x200.jpg 300w, https:\/\/www.parishotellittleregina.com\/wp-content\/uploads\/2021\/02\/paris-hotel-little-regina-4-768x512.jpg 768w, https:\/\/www.parishotellittleregina.com\/wp-content\/uploads\/2021\/02\/paris-hotel-little-regina-4.jpg 1500w\" sizes=\"(max-width: 1020px) 100vw, 1020px\" \/>\t\t\t\t\t\t\n\t\t\t\t\t<\/div>\n\t\t\t\t\t\t\t\t\n<style>\n#image_905205229 {\n  width: 100%;\n}\n<\/style>\n\t<\/div>\n\t\n\n\t<div class=\"img has-hover x md-x lg-x y md-y lg-y\" id=\"image_963855852\">\n\t\t\t\t\t\t\t\t<div class=\"img-inner image-cover dark\" style=\"padding-top:56.25%;\">\n\t\t\t<img decoding=\"async\" width=\"1020\" height=\"680\" src=\"https:\/\/www.parishotellittleregina.com\/wp-content\/uploads\/2021\/02\/chambre-little-regina-paris-501-2-1024x683.jpg\" class=\"attachment-large size-large\" alt=\"H\u00f4tel Little R\u00e9gina Paris\" srcset=\"https:\/\/www.parishotellittleregina.com\/wp-content\/uploads\/2021\/02\/chambre-little-regina-paris-501-2-1024x683.jpg 1024w, https:\/\/www.parishotellittleregina.com\/wp-content\/uploads\/2021\/02\/chambre-little-regina-paris-501-2-300x200.jpg 300w, https:\/\/www.parishotellittleregina.com\/wp-content\/uploads\/2021\/02\/chambre-little-regina-paris-501-2-768x512.jpg 768w, https:\/\/www.parishotellittleregina.com\/wp-content\/uploads\/2021\/02\/chambre-little-regina-paris-501-2.jpg 1500w\" sizes=\"(max-width: 1020px) 100vw, 1020px\" \/>\t\t\t\t\t\t\n\t\t\t\t\t<\/div>\n\t\t\t\t\t\t\t\t\n<style>\n#image_963855852 {\n  width: 100%;\n}\n<\/style>\n\t<\/div>\n\t\n\n\t<div class=\"img has-hover x md-x lg-x y md-y lg-y\" id=\"image_204249970\">\n\t\t\t\t\t\t\t\t<div class=\"img-inner image-cover dark\" style=\"padding-top:56.25%;\">\n\t\t\t<img decoding=\"async\" width=\"1020\" height=\"680\" src=\"https:\/\/www.parishotellittleregina.com\/wp-content\/uploads\/2021\/02\/paris-hotel-little-regina-5-1024x683.jpg\" class=\"attachment-large size-large\" alt=\"H\u00f4tel Little R\u00e9gina Paris\" srcset=\"https:\/\/www.parishotellittleregina.com\/wp-content\/uploads\/2021\/02\/paris-hotel-little-regina-5-1024x683.jpg 1024w, https:\/\/www.parishotellittleregina.com\/wp-content\/uploads\/2021\/02\/paris-hotel-little-regina-5-300x200.jpg 300w, https:\/\/www.parishotellittleregina.com\/wp-content\/uploads\/2021\/02\/paris-hotel-little-regina-5-768x512.jpg 768w, https:\/\/www.parishotellittleregina.com\/wp-content\/uploads\/2021\/02\/paris-hotel-little-regina-5.jpg 1500w\" sizes=\"(max-width: 1020px) 100vw, 1020px\" \/>\t\t\t\t\t\t\n\t\t\t\t\t<\/div>\n\t\t\t\t\t\t\t\t\n<style>\n#image_204249970 {\n  width: 100%;\n}\n<\/style>\n\t<\/div>\n\t\n\n\t<div class=\"img has-hover x md-x lg-x y md-y lg-y\" id=\"image_945614255\">\n\t\t\t\t\t\t\t\t<div class=\"img-inner image-cover dark\" style=\"padding-top:56.25%;\">\n\t\t\t<img decoding=\"async\" width=\"1020\" height=\"680\" src=\"https:\/\/www.parishotellittleregina.com\/wp-content\/uploads\/2021\/02\/chambre-little-regina-paris-2-9-1024x683.jpg\" class=\"attachment-large size-large\" alt=\"H\u00f4tel Little R\u00e9gina Paris\" srcset=\"https:\/\/www.parishotellittleregina.com\/wp-content\/uploads\/2021\/02\/chambre-little-regina-paris-2-9-1024x683.jpg 1024w, https:\/\/www.parishotellittleregina.com\/wp-content\/uploads\/2021\/02\/chambre-little-regina-paris-2-9-300x200.jpg 300w, https:\/\/www.parishotellittleregina.com\/wp-content\/uploads\/2021\/02\/chambre-little-regina-paris-2-9-768x512.jpg 768w, https:\/\/www.parishotellittleregina.com\/wp-content\/uploads\/2021\/02\/chambre-little-regina-paris-2-9.jpg 1500w\" sizes=\"(max-width: 1020px) 100vw, 1020px\" \/>\t\t\t\t\t\t\n\t\t\t\t\t<\/div>\n\t\t\t\t\t\t\t\t\n<style>\n#image_945614255 {\n  width: 100%;\n}\n<\/style>\n\t<\/div>\n\t\n\n\t<div class=\"img has-hover x md-x lg-x y md-y lg-y\" id=\"image_89845745\">\n\t\t\t\t\t\t\t\t<div class=\"img-inner image-cover dark\" style=\"padding-top:56.25%;\">\n\t\t\t<img decoding=\"async\" width=\"1020\" height=\"680\" src=\"https:\/\/www.parishotellittleregina.com\/wp-content\/uploads\/2021\/02\/paris-hotel-little-regina-12-1024x683.jpg\" class=\"attachment-large size-large\" alt=\"H\u00f4tel Little R\u00e9gina Paris\" srcset=\"https:\/\/www.parishotellittleregina.com\/wp-content\/uploads\/2021\/02\/paris-hotel-little-regina-12-1024x683.jpg 1024w, https:\/\/www.parishotellittleregina.com\/wp-content\/uploads\/2021\/02\/paris-hotel-little-regina-12-300x200.jpg 300w, https:\/\/www.parishotellittleregina.com\/wp-content\/uploads\/2021\/02\/paris-hotel-little-regina-12-768x512.jpg 768w, https:\/\/www.parishotellittleregina.com\/wp-content\/uploads\/2021\/02\/paris-hotel-little-regina-12.jpg 1500w\" sizes=\"(max-width: 1020px) 100vw, 1020px\" \/>\t\t\t\t\t\t\n\t\t\t\t\t<\/div>\n\t\t\t\t\t\t\t\t\n<style>\n#image_89845745 {\n  width: 100%;\n}\n<\/style>\n\t<\/div>\n\t\n\n\t<div class=\"img has-hover x md-x lg-x y md-y lg-y\" id=\"image_2007678108\">\n\t\t\t\t\t\t\t\t<div class=\"img-inner image-cover dark\" style=\"padding-top:56.25%;\">\n\t\t\t<img decoding=\"async\" width=\"1020\" height=\"680\" src=\"https:\/\/www.parishotellittleregina.com\/wp-content\/uploads\/2021\/02\/paris-hotel-little-regina-11-1024x683.jpg\" class=\"attachment-large size-large\" alt=\"H\u00f4tel Little R\u00e9gina Paris\" srcset=\"https:\/\/www.parishotellittleregina.com\/wp-content\/uploads\/2021\/02\/paris-hotel-little-regina-11-1024x683.jpg 1024w, https:\/\/www.parishotellittleregina.com\/wp-content\/uploads\/2021\/02\/paris-hotel-little-regina-11-300x200.jpg 300w, https:\/\/www.parishotellittleregina.com\/wp-content\/uploads\/2021\/02\/paris-hotel-little-regina-11-768x512.jpg 768w, https:\/\/www.parishotellittleregina.com\/wp-content\/uploads\/2021\/02\/paris-hotel-little-regina-11.jpg 1500w\" sizes=\"(max-width: 1020px) 100vw, 1020px\" \/>\t\t\t\t\t\t\n\t\t\t\t\t<\/div>\n\t\t\t\t\t\t\t\t\n<style>\n#image_2007678108 {\n  width: 100%;\n}\n<\/style>\n\t<\/div>\n\t\n\n\t<div class=\"img has-hover x md-x lg-x y md-y lg-y\" id=\"image_552623013\">\n\t\t\t\t\t\t\t\t<div class=\"img-inner image-cover dark\" style=\"padding-top:56.25%;\">\n\t\t\t<img decoding=\"async\" width=\"1020\" height=\"680\" src=\"https:\/\/www.parishotellittleregina.com\/wp-content\/uploads\/2021\/02\/chambre-little-regina-paris-501-8-1024x683.jpg\" class=\"attachment-large size-large\" alt=\"H\u00f4tel Little R\u00e9gina Paris\" srcset=\"https:\/\/www.parishotellittleregina.com\/wp-content\/uploads\/2021\/02\/chambre-little-regina-paris-501-8-1024x683.jpg 1024w, https:\/\/www.parishotellittleregina.com\/wp-content\/uploads\/2021\/02\/chambre-little-regina-paris-501-8-300x200.jpg 300w, https:\/\/www.parishotellittleregina.com\/wp-content\/uploads\/2021\/02\/chambre-little-regina-paris-501-8-768x512.jpg 768w, https:\/\/www.parishotellittleregina.com\/wp-content\/uploads\/2021\/02\/chambre-little-regina-paris-501-8.jpg 1500w\" sizes=\"(max-width: 1020px) 100vw, 1020px\" \/>\t\t\t\t\t\t\n\t\t\t\t\t<\/div>\n\t\t\t\t\t\t\t\t\n<style>\n#image_552623013 {\n  width: 100%;\n}\n<\/style>\n\t<\/div>\n\t\n\n\n     <\/div>\n\n     <div class=\"loading-spin dark large centered\"><\/div>\n\n     <\/div>\n\n\n\n\t\t<\/div>\n\t\t\t<\/div>\n\n\t\n\n\t<div id=\"col-352233973\" class=\"col medium-6 small-12 large-6 small-col-first\"  >\n\t\t<div class=\"col-inner text-left\"  >\n\t\t\t\n\t\t\t\n\n\t<div id=\"text-2270378382\" class=\"text\">\n\t\t\n\n<h2>Services<\/h2>\n<ul>\n<li>24 hour reception<\/li>\n<li>Safe at reception<\/li>\n<li>Fax at reception<\/li>\n<li>Bathroom, satellite TV, modem socket, direct telephone in each room.<\/li>\n<li>Nespresso machine \/ kettle in certain room categories<\/li>\n<li>Wardrobe<\/li>\n<li>The hotel has a room for people with reduced mobility.<\/li><li>Pets are accepted.<\/li>\n<\/ul>\n\t\t\n<style>\n#text-2270378382 {\n  text-align: left;\n}\n<\/style>\n\t<\/div>\n\t\n\n\t\t<\/div>\n\t\t\n<style>\n#col-352233973 > .col-inner {\n  padding: 10% 10% 10% 10%;\n}\n<\/style>\n\t<\/div>\n\n\t\n\n<\/div>\n\n\t\t<\/div>\n\n\t\t\n<style>\n#section_903918155 {\n  padding-top: 0px;\n  padding-bottom: 0px;\n  background-color: rgb(247, 247, 247);\n}\n#section_903918155 .section-bg-overlay {\n  background-color: rgba(255, 255, 255, 0.85);\n}\n<\/style>\n\t<\/section>\n\t\n\n","protected":false},"excerpt":{"rendered":"","protected":false},"author":1,"featured_media":0,"parent":0,"menu_order":0,"comment_status":"closed","ping_status":"closed","template":"page-blank.php","meta":{"footnotes":""},"class_list":["post-230","page","type-page","status-publish","hentry"],"yoast_head":"<!-- This site is optimized with the Yoast SEO plugin v21.8 - https:\/\/yoast.com\/wordpress\/plugins\/seo\/ -->\n<title>The services of the hotel Little Regina Paris Gare du Nord, Gare de l&#039;Est<\/title>\n<meta name=\"description\" content=\"The Little R\u00e9gina hotel offers various services to facilitate and make your stay more pleasant, breakfast, 24-hour reception.\" \/>\n<meta name=\"robots\" content=\"index, follow, max-snippet:-1, max-image-preview:large, max-video-preview:-1\" \/>\n<link rel=\"canonical\" href=\"https:\/\/www.parishotellittleregina.com\/en\/services\/\" \/>\n<meta property=\"og:locale\" content=\"en_US\" \/>\n<meta property=\"og:type\" content=\"article\" \/>\n<meta property=\"og:title\" content=\"The services of the hotel Little Regina Paris Gare du Nord, Gare de l&#039;Est\" \/>\n<meta property=\"og:description\" content=\"The Little R\u00e9gina hotel offers various services to facilitate and make your stay more pleasant, breakfast, 24-hour reception.\" \/>\n<meta property=\"og:url\" content=\"https:\/\/www.parishotellittleregina.com\/en\/services\/\" \/>\n<meta property=\"og:site_name\" content=\"H\u00f4tel Little R\u00e9gina Paris\" \/>\n<meta property=\"article:modified_time\" content=\"2022-03-03T11:26:29+00:00\" \/>\n<meta name=\"twitter:card\" content=\"summary_large_image\" \/>\n<meta name=\"twitter:label1\" content=\"Est. reading time\" \/>\n\t<meta name=\"twitter:data1\" content=\"1 minute\" \/>\n<script type=\"application\/ld+json\" class=\"yoast-schema-graph\">{\"@context\":\"https:\/\/schema.org\",\"@graph\":[{\"@type\":\"WebPage\",\"@id\":\"https:\/\/www.parishotellittleregina.com\/en\/services\/\",\"url\":\"https:\/\/www.parishotellittleregina.com\/en\/services\/\",\"name\":\"The services of the hotel Little Regina Paris Gare du Nord, Gare de l'Est\",\"isPartOf\":{\"@id\":\"https:\/\/www.parishotellittleregina.com\/#website\"},\"datePublished\":\"2021-02-24T10:21:07+00:00\",\"dateModified\":\"2022-03-03T11:26:29+00:00\",\"description\":\"The Little R\u00e9gina hotel offers various services to facilitate and make your stay more pleasant, breakfast, 24-hour reception.\",\"breadcrumb\":{\"@id\":\"https:\/\/www.parishotellittleregina.com\/en\/services\/#breadcrumb\"},\"inLanguage\":\"en-US\",\"potentialAction\":[{\"@type\":\"ReadAction\",\"target\":[\"https:\/\/www.parishotellittleregina.com\/en\/services\/\"]}]},{\"@type\":\"BreadcrumbList\",\"@id\":\"https:\/\/www.parishotellittleregina.com\/en\/services\/#breadcrumb\",\"itemListElement\":[{\"@type\":\"ListItem\",\"position\":1,\"name\":\"Accueil\",\"item\":\"https:\/\/www.parishotellittleregina.com\/en\/\"},{\"@type\":\"ListItem\",\"position\":2,\"name\":\"Services\"}]},{\"@type\":\"WebSite\",\"@id\":\"https:\/\/www.parishotellittleregina.com\/#website\",\"url\":\"https:\/\/www.parishotellittleregina.com\/\",\"name\":\"H\u00f4tel Little R\u00e9gina Paris\",\"description\":\"H\u00f4tel de charme 2 \u00e9toiles Gare de l&#039;Est Paris\",\"potentialAction\":[{\"@type\":\"SearchAction\",\"target\":{\"@type\":\"EntryPoint\",\"urlTemplate\":\"https:\/\/www.parishotellittleregina.com\/?s={search_term_string}\"},\"query-input\":\"required name=search_term_string\"}],\"inLanguage\":\"en-US\"}]}<\/script>\n<!-- \/ Yoast SEO plugin. -->","yoast_head_json":{"title":"The services of the hotel Little Regina Paris Gare du Nord, Gare de l'Est","description":"The Little R\u00e9gina hotel offers various services to facilitate and make your stay more pleasant, breakfast, 24-hour reception.","robots":{"index":"index","follow":"follow","max-snippet":"max-snippet:-1","max-image-preview":"max-image-preview:large","max-video-preview":"max-video-preview:-1"},"canonical":"https:\/\/www.parishotellittleregina.com\/en\/services\/","og_locale":"en_US","og_type":"article","og_title":"The services of the hotel Little Regina Paris Gare du Nord, Gare de l'Est","og_description":"The Little R\u00e9gina hotel offers various services to facilitate and make your stay more pleasant, breakfast, 24-hour reception.","og_url":"https:\/\/www.parishotellittleregina.com\/en\/services\/","og_site_name":"H\u00f4tel Little R\u00e9gina Paris","article_modified_time":"2022-03-03T11:26:29+00:00","twitter_card":"summary_large_image","twitter_misc":{"Est. reading time":"1 minute"},"schema":{"@context":"https:\/\/schema.org","@graph":[{"@type":"WebPage","@id":"https:\/\/www.parishotellittleregina.com\/en\/services\/","url":"https:\/\/www.parishotellittleregina.com\/en\/services\/","name":"The services of the hotel Little Regina Paris Gare du Nord, Gare de l'Est","isPartOf":{"@id":"https:\/\/www.parishotellittleregina.com\/#website"},"datePublished":"2021-02-24T10:21:07+00:00","dateModified":"2022-03-03T11:26:29+00:00","description":"The Little R\u00e9gina hotel offers various services to facilitate and make your stay more pleasant, breakfast, 24-hour reception.","breadcrumb":{"@id":"https:\/\/www.parishotellittleregina.com\/en\/services\/#breadcrumb"},"inLanguage":"en-US","potentialAction":[{"@type":"ReadAction","target":["https:\/\/www.parishotellittleregina.com\/en\/services\/"]}]},{"@type":"BreadcrumbList","@id":"https:\/\/www.parishotellittleregina.com\/en\/services\/#breadcrumb","itemListElement":[{"@type":"ListItem","position":1,"name":"Accueil","item":"https:\/\/www.parishotellittleregina.com\/en\/"},{"@type":"ListItem","position":2,"name":"Services"}]},{"@type":"WebSite","@id":"https:\/\/www.parishotellittleregina.com\/#website","url":"https:\/\/www.parishotellittleregina.com\/","name":"H\u00f4tel Little R\u00e9gina Paris","description":"H\u00f4tel de charme 2 \u00e9toiles Gare de l&#039;Est Paris","potentialAction":[{"@type":"SearchAction","target":{"@type":"EntryPoint","urlTemplate":"https:\/\/www.parishotellittleregina.com\/?s={search_term_string}"},"query-input":"required name=search_term_string"}],"inLanguage":"en-US"}]}},"_links":{"self":[{"href":"https:\/\/www.parishotellittleregina.com\/en\/wp-json\/wp\/v2\/pages\/230","targetHints":{"allow":["GET"]}}],"collection":[{"href":"https:\/\/www.parishotellittleregina.com\/en\/wp-json\/wp\/v2\/pages"}],"about":[{"href":"https:\/\/www.parishotellittleregina.com\/en\/wp-json\/wp\/v2\/types\/page"}],"author":[{"embeddable":true,"href":"https:\/\/www.parishotellittleregina.com\/en\/wp-json\/wp\/v2\/users\/1"}],"replies":[{"embeddable":true,"href":"https:\/\/www.parishotellittleregina.com\/en\/wp-json\/wp\/v2\/comments?post=230"}],"version-history":[{"count":4,"href":"https:\/\/www.parishotellittleregina.com\/en\/wp-json\/wp\/v2\/pages\/230\/revisions"}],"predecessor-version":[{"id":363,"href":"https:\/\/www.parishotellittleregina.com\/en\/wp-json\/wp\/v2\/pages\/230\/revisions\/363"}],"wp:attachment":[{"href":"https:\/\/www.parishotellittleregina.com\/en\/wp-json\/wp\/v2\/media?parent=230"}],"curies":[{"name":"wp","href":"https:\/\/api.w.org\/{rel}","templated":true}]}}