{"id":231,"date":"2021-02-24T11:40:50","date_gmt":"2021-02-24T10:40:50","guid":{"rendered":"https:\/\/parishotellittleregina.com\/new\/situation\/"},"modified":"2021-04-16T08:57:45","modified_gmt":"2021-04-16T06:57:45","slug":"location","status":"publish","type":"page","link":"https:\/\/www.parishotellittleregina.com\/en\/location\/","title":{"rendered":"Location"},"content":{"rendered":"\n\t<section class=\"section\" id=\"section_20969188\">\n\t\t<div class=\"bg section-bg fill bg-fill  bg-loaded\" >\n\n\t\t\t\n\t\t\t\n\t\t\t\n\n\t\t<\/div>\n\n\t\t<div class=\"section-content relative\">\n\t\t\t\n\n<div class=\"row row-full-width\"  id=\"row-1611831170\">\n\n\n\t<div id=\"col-638418000\" class=\"col small-12 large-12\"  >\n\t\t<div class=\"col-inner text-center\"  >\n\t\t\t\n\t\t\t\n\n<p><iframe loading=\"lazy\" width=\"100%\" height=\"400\" frameborder=\"0\" scrolling=\"no\" marginheight=\"0\" marginwidth=\"0\" src=\"https:\/\/maps.google.fr\/maps?f=q&amp;source=s_q&amp;hl=fr&amp;geocode=&amp;q=Hotel+Little+Regina+Paris,+89+Boulevard+de+Strasbourg,+75010+Paris&amp;aq=1&amp;oq=89+boulevard+de+Strasbourg+75010+PARIS&amp;sll=48.447424,1.375118&amp;sspn=1.621441,3.56781&amp;ie=UTF8&amp;hq=Hotel+Little+Regina&amp;hnear=89+Boulevard+de+Strasbourg,+75010+Paris,+%C3%8Ele-de-France&amp;t=m&amp;ll=48.880691,2.352405&amp;spn=0.0127,0.040727&amp;z=15&amp;iwloc=A&amp;output=embed\"><\/iframe><\/p>\n\n\t\t<\/div>\n\t\t\t<\/div>\n\n\t\n\n<\/div>\n\n\t\t<\/div>\n\n\t\t\n<style>\n#section_20969188 {\n  padding-top: 0px;\n  padding-bottom: 0px;\n  margin-bottom: 0px;\n  min-height: 350px;\n}\n<\/style>\n\t<\/section>\n\t\n\t<section class=\"section\" id=\"section_926204689\">\n\t\t<div class=\"bg section-bg fill bg-fill  bg-loaded\" >\n\n\t\t\t\n\t\t\t<div class=\"section-bg-overlay absolute fill\"><\/div>\n\t\t\t\n\n\t\t<\/div>\n\n\t\t<div class=\"section-content relative\">\n\t\t\t\n\n<div class=\"row row-collapse row-full-width align-middle\"  id=\"row-1618439111\">\n\n\n\t<div id=\"col-291347850\" class=\"col medium-6 small-12 large-6\"  data-animate=\"fadeInLeft\">\n\t\t<div class=\"col-inner text-left\"  >\n\t\t\t\n\t\t\t\n\n<h2>Location of the Little Regina hotel<\/h2>\n<p><strong>Metro:<\/strong> Gare de l\u2019Est (lines 4, 5, 7)<br \/><strong>RER B\u00a0:<\/strong> Gare du Nord<br \/>Public car park 50 m away.<\/p>\n<p>You are a few minutes by public transport from the <strong>Department Stores<\/strong> and the <strong>Opera<\/strong>, the <strong>Sacr\u00e9-Coeur<\/strong>, <strong>Montmartre<\/strong> and even <strong>Notre-Dame<\/strong>.<\/p>\n<p>You can reach us if you are coming from Charles de Gaulle (30 minutes) or Orly (45 minutes) airports<\/p>\n\n\t\t<\/div>\n\t\t\n<style>\n#col-291347850 > .col-inner {\n  padding: 10% 10% 10% 10%;\n}\n<\/style>\n\t<\/div>\n\n\t\n\n\t<div id=\"col-1421459489\" class=\"col medium-6 small-12 large-6\"  data-animate=\"fadeInRight\">\n\t\t<div class=\"col-inner\"  >\n\t\t\t\n\t\t\t\n\n\t<div class=\"img has-hover x md-x lg-x y md-y lg-y\" id=\"image_2062036118\">\n\t\t\t\t\t\t\t\t<div class=\"img-inner image-cover dark\" style=\"padding-top:56.25%;\">\n\t\t\t<img decoding=\"async\" width=\"1020\" height=\"682\" src=\"https:\/\/www.parishotellittleregina.com\/wp-content\/uploads\/2021\/02\/sacre_coeur-1024x685.jpg\" class=\"attachment-large size-large\" alt=\"Montmartre - Sacre coeur Paris\" srcset=\"https:\/\/www.parishotellittleregina.com\/wp-content\/uploads\/2021\/02\/sacre_coeur-1024x685.jpg 1024w, https:\/\/www.parishotellittleregina.com\/wp-content\/uploads\/2021\/02\/sacre_coeur-300x201.jpg 300w, https:\/\/www.parishotellittleregina.com\/wp-content\/uploads\/2021\/02\/sacre_coeur-768x514.jpg 768w, https:\/\/www.parishotellittleregina.com\/wp-content\/uploads\/2021\/02\/sacre_coeur.jpg 1200w\" sizes=\"(max-width: 1020px) 100vw, 1020px\" \/>\t\t\t\t\t\t\n\t\t\t\t\t<\/div>\n\t\t\t\t\t\t\t\t\n<style>\n#image_2062036118 {\n  width: 100%;\n}\n<\/style>\n\t<\/div>\n\t\n\n\n\t\t<\/div>\n\t\t\t<\/div>\n\n\t\n\n<\/div>\n\n\t\t<\/div>\n\n\t\t\n<style>\n#section_926204689 {\n  padding-top: 0px;\n  padding-bottom: 0px;\n  background-color: rgb(247, 247, 247);\n}\n#section_926204689 .section-bg-overlay {\n  background-color: rgba(255, 255, 255, 0.85);\n}\n<\/style>\n\t<\/section>\n\t\n\n","protected":false},"excerpt":{"rendered":"","protected":false},"author":1,"featured_media":0,"parent":0,"menu_order":0,"comment_status":"closed","ping_status":"closed","template":"page-blank.php","meta":{"footnotes":""},"class_list":["post-231","page","type-page","status-publish","hentry"],"yoast_head":"<!-- This site is optimized with the Yoast SEO plugin v21.8 - https:\/\/yoast.com\/wordpress\/plugins\/seo\/ -->\n<title>Location of the hotel Little Regina Paris Gare du Nord and Gare de l&#039;Est<\/title>\n<meta name=\"description\" content=\"The Little R\u00e9gina hotel is located near Gare de l&#039;Est and Gare du Nord in Paris, a few minutes from the Opera, and Montmartre\" \/>\n<meta name=\"robots\" content=\"index, follow, max-snippet:-1, max-image-preview:large, max-video-preview:-1\" \/>\n<link rel=\"canonical\" href=\"https:\/\/www.parishotellittleregina.com\/en\/location\/\" \/>\n<meta property=\"og:locale\" content=\"en_US\" \/>\n<meta property=\"og:type\" content=\"article\" \/>\n<meta property=\"og:title\" content=\"Location of the hotel Little Regina Paris Gare du Nord and Gare de l&#039;Est\" \/>\n<meta property=\"og:description\" content=\"The Little R\u00e9gina hotel is located near Gare de l&#039;Est and Gare du Nord in Paris, a few minutes from the Opera, and Montmartre\" \/>\n<meta property=\"og:url\" content=\"https:\/\/www.parishotellittleregina.com\/en\/location\/\" \/>\n<meta property=\"og:site_name\" content=\"H\u00f4tel Little R\u00e9gina Paris\" \/>\n<meta property=\"article:modified_time\" content=\"2021-04-16T06:57:45+00:00\" \/>\n<meta name=\"twitter:card\" content=\"summary_large_image\" \/>\n<meta name=\"twitter:label1\" content=\"Est. reading time\" \/>\n\t<meta name=\"twitter:data1\" content=\"1 minute\" \/>\n<script type=\"application\/ld+json\" class=\"yoast-schema-graph\">{\"@context\":\"https:\/\/schema.org\",\"@graph\":[{\"@type\":\"WebPage\",\"@id\":\"https:\/\/www.parishotellittleregina.com\/en\/location\/\",\"url\":\"https:\/\/www.parishotellittleregina.com\/en\/location\/\",\"name\":\"Location of the hotel Little Regina Paris Gare du Nord and Gare de l'Est\",\"isPartOf\":{\"@id\":\"https:\/\/www.parishotellittleregina.com\/#website\"},\"datePublished\":\"2021-02-24T10:40:50+00:00\",\"dateModified\":\"2021-04-16T06:57:45+00:00\",\"description\":\"The Little R\u00e9gina hotel is located near Gare de l'Est and Gare du Nord in Paris, a few minutes from the Opera, and Montmartre\",\"breadcrumb\":{\"@id\":\"https:\/\/www.parishotellittleregina.com\/en\/location\/#breadcrumb\"},\"inLanguage\":\"en-US\",\"potentialAction\":[{\"@type\":\"ReadAction\",\"target\":[\"https:\/\/www.parishotellittleregina.com\/en\/location\/\"]}]},{\"@type\":\"BreadcrumbList\",\"@id\":\"https:\/\/www.parishotellittleregina.com\/en\/location\/#breadcrumb\",\"itemListElement\":[{\"@type\":\"ListItem\",\"position\":1,\"name\":\"Accueil\",\"item\":\"https:\/\/www.parishotellittleregina.com\/en\/\"},{\"@type\":\"ListItem\",\"position\":2,\"name\":\"Location\"}]},{\"@type\":\"WebSite\",\"@id\":\"https:\/\/www.parishotellittleregina.com\/#website\",\"url\":\"https:\/\/www.parishotellittleregina.com\/\",\"name\":\"H\u00f4tel Little R\u00e9gina Paris\",\"description\":\"H\u00f4tel de charme 2 \u00e9toiles Gare de l&#039;Est Paris\",\"potentialAction\":[{\"@type\":\"SearchAction\",\"target\":{\"@type\":\"EntryPoint\",\"urlTemplate\":\"https:\/\/www.parishotellittleregina.com\/?s={search_term_string}\"},\"query-input\":\"required name=search_term_string\"}],\"inLanguage\":\"en-US\"}]}<\/script>\n<!-- \/ Yoast SEO plugin. -->","yoast_head_json":{"title":"Location of the hotel Little Regina Paris Gare du Nord and Gare de l'Est","description":"The Little R\u00e9gina hotel is located near Gare de l'Est and Gare du Nord in Paris, a few minutes from the Opera, and Montmartre","robots":{"index":"index","follow":"follow","max-snippet":"max-snippet:-1","max-image-preview":"max-image-preview:large","max-video-preview":"max-video-preview:-1"},"canonical":"https:\/\/www.parishotellittleregina.com\/en\/location\/","og_locale":"en_US","og_type":"article","og_title":"Location of the hotel Little Regina Paris Gare du Nord and Gare de l'Est","og_description":"The Little R\u00e9gina hotel is located near Gare de l'Est and Gare du Nord in Paris, a few minutes from the Opera, and Montmartre","og_url":"https:\/\/www.parishotellittleregina.com\/en\/location\/","og_site_name":"H\u00f4tel Little R\u00e9gina Paris","article_modified_time":"2021-04-16T06:57:45+00:00","twitter_card":"summary_large_image","twitter_misc":{"Est. reading time":"1 minute"},"schema":{"@context":"https:\/\/schema.org","@graph":[{"@type":"WebPage","@id":"https:\/\/www.parishotellittleregina.com\/en\/location\/","url":"https:\/\/www.parishotellittleregina.com\/en\/location\/","name":"Location of the hotel Little Regina Paris Gare du Nord and Gare de l'Est","isPartOf":{"@id":"https:\/\/www.parishotellittleregina.com\/#website"},"datePublished":"2021-02-24T10:40:50+00:00","dateModified":"2021-04-16T06:57:45+00:00","description":"The Little R\u00e9gina hotel is located near Gare de l'Est and Gare du Nord in Paris, a few minutes from the Opera, and Montmartre","breadcrumb":{"@id":"https:\/\/www.parishotellittleregina.com\/en\/location\/#breadcrumb"},"inLanguage":"en-US","potentialAction":[{"@type":"ReadAction","target":["https:\/\/www.parishotellittleregina.com\/en\/location\/"]}]},{"@type":"BreadcrumbList","@id":"https:\/\/www.parishotellittleregina.com\/en\/location\/#breadcrumb","itemListElement":[{"@type":"ListItem","position":1,"name":"Accueil","item":"https:\/\/www.parishotellittleregina.com\/en\/"},{"@type":"ListItem","position":2,"name":"Location"}]},{"@type":"WebSite","@id":"https:\/\/www.parishotellittleregina.com\/#website","url":"https:\/\/www.parishotellittleregina.com\/","name":"H\u00f4tel Little R\u00e9gina Paris","description":"H\u00f4tel de charme 2 \u00e9toiles Gare de l&#039;Est Paris","potentialAction":[{"@type":"SearchAction","target":{"@type":"EntryPoint","urlTemplate":"https:\/\/www.parishotellittleregina.com\/?s={search_term_string}"},"query-input":"required name=search_term_string"}],"inLanguage":"en-US"}]}},"_links":{"self":[{"href":"https:\/\/www.parishotellittleregina.com\/en\/wp-json\/wp\/v2\/pages\/231","targetHints":{"allow":["GET"]}}],"collection":[{"href":"https:\/\/www.parishotellittleregina.com\/en\/wp-json\/wp\/v2\/pages"}],"about":[{"href":"https:\/\/www.parishotellittleregina.com\/en\/wp-json\/wp\/v2\/types\/page"}],"author":[{"embeddable":true,"href":"https:\/\/www.parishotellittleregina.com\/en\/wp-json\/wp\/v2\/users\/1"}],"replies":[{"embeddable":true,"href":"https:\/\/www.parishotellittleregina.com\/en\/wp-json\/wp\/v2\/comments?post=231"}],"version-history":[{"count":2,"href":"https:\/\/www.parishotellittleregina.com\/en\/wp-json\/wp\/v2\/pages\/231\/revisions"}],"predecessor-version":[{"id":256,"href":"https:\/\/www.parishotellittleregina.com\/en\/wp-json\/wp\/v2\/pages\/231\/revisions\/256"}],"wp:attachment":[{"href":"https:\/\/www.parishotellittleregina.com\/en\/wp-json\/wp\/v2\/media?parent=231"}],"curies":[{"name":"wp","href":"https:\/\/api.w.org\/{rel}","templated":true}]}}